{"id":1961,"date":"2023-02-15T22:05:06","date_gmt":"2023-02-15T22:05:06","guid":{"rendered":"http:\/\/localhost\/vimalab\/?page_id=1961"},"modified":"2026-05-07T01:09:25","modified_gmt":"2026-05-07T01:09:25","slug":"centrifugas","status":"publish","type":"page","link":"https:\/\/vimalab.com\/index.php\/centrifugas\/","title":{"rendered":"Centr\u00edfugas"},"content":{"rendered":"\t\t<div data-elementor-type=\"wp-page\" data-elementor-id=\"1961\" class=\"elementor elementor-1961\">\n\t\t\t\t<div class=\"elementor-element elementor-element-5bab871 e-flex e-con-boxed e-con e-parent\" data-id=\"5bab871\" data-element_type=\"container\" data-e-type=\"container\" data-settings=\"{&quot;background_background&quot;:&quot;classic&quot;}\">\n\t\t\t\t\t<div class=\"e-con-inner\">\n\t\t<div class=\"elementor-element elementor-element-de6356d e-flex e-con-boxed e-con e-child\" data-id=\"de6356d\" data-element_type=\"container\" data-e-type=\"container\" data-settings=\"{&quot;background_background&quot;:&quot;gradient&quot;}\">\n\t\t\t\t\t<div class=\"e-con-inner\">\n\t\t\t\t<div class=\"elementor-element elementor-element-931ec7e elementor-align-start elementor-icon-list--layout-traditional elementor-list-item-link-full_width elementor-widget elementor-widget-icon-list\" data-id=\"931ec7e\" data-element_type=\"widget\" data-e-type=\"widget\" data-widget_type=\"icon-list.default\">\n\t\t\t\t\t\t\t<ul class=\"elementor-icon-list-items\">\n\t\t\t\t\t\t\t<li class=\"elementor-icon-list-item\">\n\t\t\t\t\t\t\t\t\t\t\t<span class=\"elementor-icon-list-icon\">\n\t\t\t\t\t\t\t<svg aria-hidden=\"true\" class=\"e-font-icon-svg e-fas-chevron-right\" viewBox=\"0 0 320 512\" xmlns=\"http:\/\/www.w3.org\/2000\/svg\"><path d=\"M285.476 272.971L91.132 467.314c-9.373 9.373-24.569 9.373-33.941 0l-22.667-22.667c-9.357-9.357-9.375-24.522-.04-33.901L188.505 256 34.484 101.255c-9.335-9.379-9.317-24.544.04-33.901l22.667-22.667c9.373-9.373 24.569-9.373 33.941 0L285.475 239.03c9.373 9.372 9.373 24.568.001 33.941z\"><\/path><\/svg>\t\t\t\t\t\t<\/span>\n\t\t\t\t\t\t\t\t\t\t<span class=\"elementor-icon-list-text\">Centr\u00edfugas<\/span>\n\t\t\t\t\t\t\t\t\t<\/li>\n\t\t\t\t\t\t<\/ul>\n\t\t\t\t\t\t<\/div>\n\t\t\t\t\t<\/div>\n\t\t\t\t<\/div>\n\t\t\t\t\t<\/div>\n\t\t\t\t<\/div>\n\t\t\t\t<section class=\"elementor-section elementor-top-section elementor-element elementor-element-b015ace elementor-section-boxed elementor-section-height-default elementor-section-height-default\" data-id=\"b015ace\" data-element_type=\"section\" data-e-type=\"section\">\n\t\t\t\t\t\t<div class=\"elementor-container elementor-column-gap-default\">\n\t\t\t\t\t<div class=\"elementor-column elementor-col-25 elementor-top-column elementor-element elementor-element-8036c7b\" data-id=\"8036c7b\" data-element_type=\"column\" data-e-type=\"column\">\n\t\t\t<div class=\"elementor-widget-wrap elementor-element-populated\">\n\t\t\t\t\t\t<div class=\"elementor-element elementor-element-0169f46 elementor-align-center elementor-widget elementor-widget-button\" data-id=\"0169f46\" data-element_type=\"widget\" data-e-type=\"widget\" data-widget_type=\"button.default\">\n\t\t\t\t\t\t\t\t\t\t<a class=\"elementor-button elementor-button-link elementor-size-sm\" href=\"https:\/\/kasvi.com.br\/produtos\/?ref=K14-0815C&#038;desc=centr%C3%ADfuga-8-x-15-ml.-rotor-de-%C3%A2ngulo-fixo.-4.000-rpm.-110\/220v-bivolt\" target=\"_blank\">\n\t\t\t\t\t\t<span class=\"elementor-button-content-wrapper\">\n\t\t\t\t\t\t\t\t\t<span class=\"elementor-button-text\">Centr\u00edfuga 8x15 ML Rotor de \u00c2ngulo Fixo 4.000 RPM Bivolt<\/span>\n\t\t\t\t\t<\/span>\n\t\t\t\t\t<\/a>\n\t\t\t\t\t\t\t\t<\/div>\n\t\t\t\t\t<\/div>\n\t\t<\/div>\n\t\t\t\t<div class=\"elementor-column elementor-col-25 elementor-top-column elementor-element elementor-element-31f2f96\" data-id=\"31f2f96\" data-element_type=\"column\" data-e-type=\"column\">\n\t\t\t<div class=\"elementor-widget-wrap elementor-element-populated\">\n\t\t\t\t\t\t<div class=\"elementor-element elementor-element-ca91d7f elementor-align-center elementor-widget elementor-widget-button\" data-id=\"ca91d7f\" data-element_type=\"widget\" data-e-type=\"widget\" data-widget_type=\"button.default\">\n\t\t\t\t\t\t\t\t\t\t<a class=\"elementor-button elementor-button-link elementor-size-sm\" href=\"https:\/\/kasvi.com.br\/produtos\/?ref=K14-4000&#038;desc=centr%C3%ADfuga-de-bancada-sem-rotor,-velocidade-0-4000rpm,-bivolt\" target=\"_blank\">\n\t\t\t\t\t\t<span class=\"elementor-button-content-wrapper\">\n\t\t\t\t\t\t\t\t\t<span class=\"elementor-button-text\">Centr\u00edfuga de Bancada sem roto Velocidade 0 - 4000 RPM Bivolt<\/span>\n\t\t\t\t\t<\/span>\n\t\t\t\t\t<\/a>\n\t\t\t\t\t\t\t\t<\/div>\n\t\t\t\t\t<\/div>\n\t\t<\/div>\n\t\t\t\t<div class=\"elementor-column elementor-col-25 elementor-top-column elementor-element elementor-element-9065a4d\" data-id=\"9065a4d\" data-element_type=\"column\" data-e-type=\"column\">\n\t\t\t<div class=\"elementor-widget-wrap elementor-element-populated\">\n\t\t\t\t\t\t<div class=\"elementor-element elementor-element-1775809 elementor-align-center elementor-widget elementor-widget-button\" data-id=\"1775809\" data-element_type=\"widget\" data-e-type=\"widget\" data-widget_type=\"button.default\">\n\t\t\t\t\t\t\t\t\t\t<a class=\"elementor-button elementor-button-link elementor-size-sm\" href=\"https:\/\/kasvi.com.br\/produtos\/?ref=K14-1215&#038;desc=microcentr%C3%ADfuga-12-x1,5-ml.-15000-rpm.-bivolt\" target=\"_blank\">\n\t\t\t\t\t\t<span class=\"elementor-button-content-wrapper\">\n\t\t\t\t\t\t\t\t\t<span class=\"elementor-button-text\">Microcentr\u00edfuga 12 X1,5 ML 15000 RPM Bivolt<\/span>\n\t\t\t\t\t<\/span>\n\t\t\t\t\t<\/a>\n\t\t\t\t\t\t\t\t<\/div>\n\t\t\t\t\t<\/div>\n\t\t<\/div>\n\t\t\t\t<div class=\"elementor-column elementor-col-25 elementor-top-column elementor-element elementor-element-e17bcec\" data-id=\"e17bcec\" data-element_type=\"column\" data-e-type=\"column\">\n\t\t\t<div class=\"elementor-widget-wrap elementor-element-populated\">\n\t\t\t\t\t\t<div class=\"elementor-element elementor-element-4913217 elementor-align-center elementor-widget elementor-widget-button\" data-id=\"4913217\" data-element_type=\"widget\" data-e-type=\"widget\" data-widget_type=\"button.default\">\n\t\t\t\t\t\t\t\t\t\t<a class=\"elementor-button elementor-button-link elementor-size-sm\" href=\"https:\/\/kasvi.com.br\/produtos\/?ref=K14-0296&#038;desc=microcentr%C3%ADfuga-para-2-microplacas-de-pcr,-2500rpm-,-bivolt\" target=\"_blank\">\n\t\t\t\t\t\t<span class=\"elementor-button-content-wrapper\">\n\t\t\t\t\t\t\t\t\t<span class=\"elementor-button-text\">Microcentr\u00edfuga para 2 Microplacas de PCR 2500 RPM Bivolt<\/span>\n\t\t\t\t\t<\/span>\n\t\t\t\t\t<\/a>\n\t\t\t\t\t\t\t\t<\/div>\n\t\t\t\t\t<\/div>\n\t\t<\/div>\n\t\t\t\t\t<\/div>\n\t\t<\/section>\n\t\t\t\t<section class=\"elementor-section elementor-top-section elementor-element elementor-element-a5e4d1b elementor-section-boxed elementor-section-height-default elementor-section-height-default\" data-id=\"a5e4d1b\" data-element_type=\"section\" data-e-type=\"section\">\n\t\t\t\t\t\t<div class=\"elementor-container elementor-column-gap-default\">\n\t\t\t\t\t<div class=\"elementor-column elementor-col-25 elementor-top-column elementor-element elementor-element-c066691\" data-id=\"c066691\" data-element_type=\"column\" data-e-type=\"column\">\n\t\t\t<div class=\"elementor-widget-wrap elementor-element-populated\">\n\t\t\t\t\t\t<div class=\"elementor-element elementor-element-bb97e9b elementor-align-center elementor-widget elementor-widget-button\" data-id=\"bb97e9b\" data-element_type=\"widget\" data-e-type=\"widget\" data-widget_type=\"button.default\">\n\t\t\t\t\t\t\t\t\t\t<a class=\"elementor-button elementor-button-link elementor-size-sm\" href=\"https:\/\/kasvi.com.br\/produtos\/?ref=K14-0602&#038;desc=minicentr%C3%ADfuga-6400rpm,-bivolt-(110-220v,-60hz).-unidade\" target=\"_blank\">\n\t\t\t\t\t\t<span class=\"elementor-button-content-wrapper\">\n\t\t\t\t\t\t\t\t\t<span class=\"elementor-button-text\">Minicentr\u00edfuga 6400 RPM, Bivolt (110-220V, 60hz) Unidade<\/span>\n\t\t\t\t\t<\/span>\n\t\t\t\t\t<\/a>\n\t\t\t\t\t\t\t\t<\/div>\n\t\t\t\t\t<\/div>\n\t\t<\/div>\n\t\t\t\t<div class=\"elementor-column elementor-col-25 elementor-top-column elementor-element elementor-element-168dae4\" data-id=\"168dae4\" data-element_type=\"column\" data-e-type=\"column\">\n\t\t\t<div class=\"elementor-widget-wrap elementor-element-populated\">\n\t\t\t\t\t\t<div class=\"elementor-element elementor-element-9ee1aca elementor-align-center elementor-widget elementor-widget-button\" data-id=\"9ee1aca\" data-element_type=\"widget\" data-e-type=\"widget\" data-widget_type=\"button.default\">\n\t\t\t\t\t\t\t\t\t\t<a class=\"elementor-button elementor-button-link elementor-size-sm\" href=\"https:\/\/www.ionlab.com.br\/produtos\/centrifugas\/2\" target=\"_blank\">\n\t\t\t\t\t\t<span class=\"elementor-button-content-wrapper\">\n\t\t\t\t\t\t\t\t\t<span class=\"elementor-button-text\">Outros modelos de Centr\u00edfuga<\/span>\n\t\t\t\t\t<\/span>\n\t\t\t\t\t<\/a>\n\t\t\t\t\t\t\t\t<\/div>\n\t\t\t\t\t<\/div>\n\t\t<\/div>\n\t\t\t\t<div class=\"elementor-column elementor-col-25 elementor-top-column elementor-element elementor-element-e593a67\" data-id=\"e593a67\" data-element_type=\"column\" data-e-type=\"column\">\n\t\t\t<div class=\"elementor-widget-wrap\">\n\t\t\t\t\t\t\t<\/div>\n\t\t<\/div>\n\t\t\t\t<div class=\"elementor-column elementor-col-25 elementor-top-column elementor-element elementor-element-1113a3c\" data-id=\"1113a3c\" data-element_type=\"column\" data-e-type=\"column\">\n\t\t\t<div class=\"elementor-widget-wrap\">\n\t\t\t\t\t\t\t<\/div>\n\t\t<\/div>\n\t\t\t\t\t<\/div>\n\t\t<\/section>\n\t\t\t\t<\/div>\n\t\t","protected":false},"excerpt":{"rendered":"<p>Centr\u00edfugas Centr\u00edfuga 8&#215;15 ML Rotor de \u00c2ngulo Fixo 4.000 RPM Bivolt Centr\u00edfuga de Bancada sem roto Velocidade 0 &#8211; 4000 RPM Bivolt Microcentr\u00edfuga 12 X1,5 ML 15000 RPM Bivolt Microcentr\u00edfuga para 2 Microplacas de PCR 2500 RPM Bivolt Minicentr\u00edfuga 6400 RPM, Bivolt (110-220V, 60hz) Unidade Outros modelos de Centr\u00edfuga<\/p>\n","protected":false},"author":1,"featured_media":0,"parent":0,"menu_order":0,"comment_status":"closed","ping_status":"closed","template":"","meta":{"footnotes":""},"class_list":["post-1961","page","type-page","status-publish","hentry"],"_links":{"self":[{"href":"https:\/\/vimalab.com\/index.php\/wp-json\/wp\/v2\/pages\/1961","targetHints":{"allow":["GET"]}}],"collection":[{"href":"https:\/\/vimalab.com\/index.php\/wp-json\/wp\/v2\/pages"}],"about":[{"href":"https:\/\/vimalab.com\/index.php\/wp-json\/wp\/v2\/types\/page"}],"author":[{"embeddable":true,"href":"https:\/\/vimalab.com\/index.php\/wp-json\/wp\/v2\/users\/1"}],"replies":[{"embeddable":true,"href":"https:\/\/vimalab.com\/index.php\/wp-json\/wp\/v2\/comments?post=1961"}],"version-history":[{"count":3,"href":"https:\/\/vimalab.com\/index.php\/wp-json\/wp\/v2\/pages\/1961\/revisions"}],"predecessor-version":[{"id":2390,"href":"https:\/\/vimalab.com\/index.php\/wp-json\/wp\/v2\/pages\/1961\/revisions\/2390"}],"wp:attachment":[{"href":"https:\/\/vimalab.com\/index.php\/wp-json\/wp\/v2\/media?parent=1961"}],"curies":[{"name":"wp","href":"https:\/\/api.w.org\/{rel}","templated":true}]}}